{"id":5335,"date":"2019-06-20T17:10:34","date_gmt":"2019-06-20T15:10:34","guid":{"rendered":"https:\/\/villabosch-radolfzell.de\/artotheque\/"},"modified":"2026-03-18T15:38:52","modified_gmt":"2026-03-18T14:38:52","slug":"artotheque","status":"publish","type":"page","link":"https:\/\/villabosch-radolfzell.de\/fr\/artotheque\/","title":{"rendered":"Artoth\u00e8que"},"content":{"rendered":"<p>L&rsquo;art \u00e0 emprunter est disponible \u00e0 l&rsquo;artoth\u00e8que de la Villa Bosch. Diff\u00e9rents artistes de la r\u00e9gion proposent leurs tableaux et sculptures \u00e0 l&rsquo;artoth\u00e8que, avec lesquels vous pouvez embellir vos quatre murs<br \/>\n. Vous y trouverez \u00e9galement des \u0153uvres de laur\u00e9ats du Prix f\u00e9d\u00e9ral de l&rsquo;art pour les personnes handicap\u00e9es.  <\/p>\n<p><strong>Saison de l&rsquo;artoth\u00e8que 2026<\/strong><\/p>\n<p>La saison d\u00e9bute le 11\/02\/2026.<\/p>\n<p>Toutes les \u0153uvres disponibles peuvent \u00eatre emprunt\u00e9es au cours de l&rsquo;ann\u00e9e contre paiement.<\/p>\n<p>La saison se termine le 13\/01\/2027.<\/p>\n<p>D&rsquo;ici l\u00e0, tous les ouvrages emprunt\u00e9s doivent \u00eatre restitu\u00e9s.<\/p>\n<p><strong>Heures d&rsquo;ouverture\/de pr\u00eat :  <\/strong><\/p>\n<p>L&rsquo;artoth\u00e8que est toujours ouverte pendant les heures d&rsquo;ouverture de la Villa Bosch : du mercredi au dimanche de 14h00 \u00e0 17h30 ! Il est \u00e9galement possible d&#8217;emprunter des \u0153uvres d&rsquo;art \u00e0 ces heures. <\/p>\n<p>La TVA (19 %) est incluse dans les frais d&rsquo;utilisation.<\/p>\n<p><strong>Artistes participants :  <\/strong><\/p>\n<ul>\n<li>Birgit Brandys<\/li>\n<li>Raimund Buck<\/li>\n<li>Anke Christel-Weidemann<\/li>\n<li>Regina D&rsquo;Alfonso<\/li>\n<li>Erika Ebinger<\/li>\n<li>Margret Fecht-Nischak<\/li>\n<li>Veronika Gr\u00fcger<\/li>\n<li>Mariken van Heugten<\/li>\n<li>Robert Hoch<\/li>\n<li>Martin Hornung<\/li>\n<li>Elisabeth Kohout<\/li>\n<li>Martin Maier<\/li>\n<li>Gitta Marquardt-Baladurage<\/li>\n<li>Thomas Rendler<\/li>\n<li>Maike Rohr<\/li>\n<li>Laura R\u00f6\u00dfiger<\/li>\n<li>Winnie Widuch<\/li>\n<li>J\u00fcrgen Wieshoff<\/li>\n<\/ul>\n<hr>\n<h3>Frais de location par image :<\/h3>\n<p><strong>Pour un usage priv\u00e9 :<\/strong><\/p>\n<ul>\n<li>60,- euros de frais annuels (carte annuelle ann\u00e9e civile), 4 \u0153uvres d&rsquo;art maximum en m\u00eame temps<\/li>\n<li>ALTERNATIVE : 10,- euros par mois\/\u0153uvre d&rsquo;art<\/li>\n<\/ul>\n<p><strong>Pour un usage professionnel :<\/strong><\/p>\n<ul>\n<li>120,- euros de frais annuels (carte annuelle ann\u00e9e civile), maximum 4 \u0153uvres d&rsquo;art en m\u00eame temps<\/li>\n<li>ALTERNATIVE : 20,- euros par mois\/\u0153uvre d&rsquo;art<\/li>\n<\/ul>\n","protected":false},"excerpt":{"rendered":"<p>L&rsquo;art \u00e0 emprunter est disponible \u00e0 l&rsquo;artoth\u00e8que de la Villa Bosch. Diff\u00e9rents artistes de la r\u00e9gion proposent leurs tableaux et [&hellip;]<\/p>\n","protected":false},"author":1,"featured_media":0,"parent":0,"menu_order":0,"comment_status":"closed","ping_status":"closed","template":"page-layout1.php","meta":{"_price":"","_stock":"","_tribe_ticket_header":"","_tribe_default_ticket_provider":"","_ticket_start_date":"","_ticket_end_date":"","_tribe_ticket_show_description":"","_tribe_ticket_show_not_going":false,"_tribe_ticket_use_global_stock":"","_tribe_ticket_global_stock_level":"","_global_stock_mode":"","_global_stock_cap":"","_tribe_rsvp_for_event":"","_tribe_ticket_going_count":"","_tribe_ticket_not_going_count":"","_tribe_tickets_list":"[]","_tribe_ticket_has_attendee_info_fields":false,"footnotes":""},"class_list":["post-5335","page","type-page","status-publish","hentry"],"yoast_head":"<!-- This site is optimized with the Yoast SEO plugin v26.7 - https:\/\/yoast.com\/wordpress\/plugins\/seo\/ -->\n<title>Artoth\u00e8que | Villa Bosch Radolfzell<\/title>\n<meta name=\"robots\" content=\"index, follow, max-snippet:-1, max-image-preview:large, max-video-preview:-1\" \/>\n<link rel=\"canonical\" href=\"https:\/\/villabosch-radolfzell.de\/fr\/artotheque\/\" \/>\n<meta property=\"og:locale\" content=\"fr_FR\" \/>\n<meta property=\"og:type\" content=\"article\" \/>\n<meta property=\"og:title\" content=\"Artoth\u00e8que | Villa Bosch Radolfzell\" \/>\n<meta property=\"og:description\" content=\"L&rsquo;art \u00e0 emprunter est disponible \u00e0 l&rsquo;artoth\u00e8que de la Villa Bosch. Diff\u00e9rents artistes de la r\u00e9gion proposent leurs tableaux et [&hellip;]\" \/>\n<meta property=\"og:url\" content=\"https:\/\/villabosch-radolfzell.de\/fr\/artotheque\/\" \/>\n<meta property=\"og:site_name\" content=\"Villa Bosch\" \/>\n<meta property=\"article:modified_time\" content=\"2026-03-18T14:38:52+00:00\" \/>\n<meta name=\"twitter:card\" content=\"summary_large_image\" \/>\n<meta name=\"twitter:label1\" content=\"Dur\u00e9e de lecture estim\u00e9e\" \/>\n\t<meta name=\"twitter:data1\" content=\"1 minute\" \/>\n<script type=\"application\/ld+json\" class=\"yoast-schema-graph\">{\"@context\":\"https:\/\/schema.org\",\"@graph\":[{\"@type\":\"WebPage\",\"@id\":\"https:\/\/villabosch-radolfzell.de\/fr\/artotheque\/\",\"url\":\"https:\/\/villabosch-radolfzell.de\/fr\/artotheque\/\",\"name\":\"Artoth\u00e8que | Villa Bosch Radolfzell\",\"isPartOf\":{\"@id\":\"https:\/\/villabosch-radolfzell.de\/fr\/#website\"},\"datePublished\":\"2019-06-20T15:10:34+00:00\",\"dateModified\":\"2026-03-18T14:38:52+00:00\",\"breadcrumb\":{\"@id\":\"https:\/\/villabosch-radolfzell.de\/fr\/artotheque\/#breadcrumb\"},\"inLanguage\":\"fr-FR\",\"potentialAction\":[{\"@type\":\"ReadAction\",\"target\":[\"https:\/\/villabosch-radolfzell.de\/fr\/artotheque\/\"]}]},{\"@type\":\"BreadcrumbList\",\"@id\":\"https:\/\/villabosch-radolfzell.de\/fr\/artotheque\/#breadcrumb\",\"itemListElement\":[{\"@type\":\"ListItem\",\"position\":1,\"name\":\"Startseite\",\"item\":\"https:\/\/villabosch-radolfzell.de\/fr\/page-daccueil\/\"},{\"@type\":\"ListItem\",\"position\":2,\"name\":\"Artoth\u00e8que\"}]},{\"@type\":\"WebSite\",\"@id\":\"https:\/\/villabosch-radolfzell.de\/fr\/#website\",\"url\":\"https:\/\/villabosch-radolfzell.de\/fr\/\",\"name\":\"Villa Bosch\",\"description\":\"\",\"publisher\":{\"@id\":\"https:\/\/villabosch-radolfzell.de\/fr\/#organization\"},\"potentialAction\":[{\"@type\":\"SearchAction\",\"target\":{\"@type\":\"EntryPoint\",\"urlTemplate\":\"https:\/\/villabosch-radolfzell.de\/fr\/?s={search_term_string}\"},\"query-input\":{\"@type\":\"PropertyValueSpecification\",\"valueRequired\":true,\"valueName\":\"search_term_string\"}}],\"inLanguage\":\"fr-FR\"},{\"@type\":\"Organization\",\"@id\":\"https:\/\/villabosch-radolfzell.de\/fr\/#organization\",\"name\":\"Villa Bosch\",\"url\":\"https:\/\/villabosch-radolfzell.de\/fr\/\",\"logo\":{\"@type\":\"ImageObject\",\"inLanguage\":\"fr-FR\",\"@id\":\"https:\/\/villabosch-radolfzell.de\/fr\/#\/schema\/logo\/image\/\",\"url\":\"https:\/\/villabosch-radolfzell.de\/wp-content\/uploads\/sites\/5\/2019\/10\/KULTUR_RZ_Villa_Bosch_logo_quer_RGB.png\",\"contentUrl\":\"https:\/\/villabosch-radolfzell.de\/wp-content\/uploads\/sites\/5\/2019\/10\/KULTUR_RZ_Villa_Bosch_logo_quer_RGB.png\",\"width\":4963,\"height\":3508,\"caption\":\"Villa Bosch\"},\"image\":{\"@id\":\"https:\/\/villabosch-radolfzell.de\/fr\/#\/schema\/logo\/image\/\"}}]}<\/script>\n<!-- \/ Yoast SEO plugin. -->","yoast_head_json":{"title":"Artoth\u00e8que | Villa Bosch Radolfzell","robots":{"index":"index","follow":"follow","max-snippet":"max-snippet:-1","max-image-preview":"max-image-preview:large","max-video-preview":"max-video-preview:-1"},"canonical":"https:\/\/villabosch-radolfzell.de\/fr\/artotheque\/","og_locale":"fr_FR","og_type":"article","og_title":"Artoth\u00e8que | Villa Bosch Radolfzell","og_description":"L&rsquo;art \u00e0 emprunter est disponible \u00e0 l&rsquo;artoth\u00e8que de la Villa Bosch. Diff\u00e9rents artistes de la r\u00e9gion proposent leurs tableaux et [&hellip;]","og_url":"https:\/\/villabosch-radolfzell.de\/fr\/artotheque\/","og_site_name":"Villa Bosch","article_modified_time":"2026-03-18T14:38:52+00:00","twitter_card":"summary_large_image","twitter_misc":{"Dur\u00e9e de lecture estim\u00e9e":"1 minute"},"schema":{"@context":"https:\/\/schema.org","@graph":[{"@type":"WebPage","@id":"https:\/\/villabosch-radolfzell.de\/fr\/artotheque\/","url":"https:\/\/villabosch-radolfzell.de\/fr\/artotheque\/","name":"Artoth\u00e8que | Villa Bosch Radolfzell","isPartOf":{"@id":"https:\/\/villabosch-radolfzell.de\/fr\/#website"},"datePublished":"2019-06-20T15:10:34+00:00","dateModified":"2026-03-18T14:38:52+00:00","breadcrumb":{"@id":"https:\/\/villabosch-radolfzell.de\/fr\/artotheque\/#breadcrumb"},"inLanguage":"fr-FR","potentialAction":[{"@type":"ReadAction","target":["https:\/\/villabosch-radolfzell.de\/fr\/artotheque\/"]}]},{"@type":"BreadcrumbList","@id":"https:\/\/villabosch-radolfzell.de\/fr\/artotheque\/#breadcrumb","itemListElement":[{"@type":"ListItem","position":1,"name":"Startseite","item":"https:\/\/villabosch-radolfzell.de\/fr\/page-daccueil\/"},{"@type":"ListItem","position":2,"name":"Artoth\u00e8que"}]},{"@type":"WebSite","@id":"https:\/\/villabosch-radolfzell.de\/fr\/#website","url":"https:\/\/villabosch-radolfzell.de\/fr\/","name":"Villa Bosch","description":"","publisher":{"@id":"https:\/\/villabosch-radolfzell.de\/fr\/#organization"},"potentialAction":[{"@type":"SearchAction","target":{"@type":"EntryPoint","urlTemplate":"https:\/\/villabosch-radolfzell.de\/fr\/?s={search_term_string}"},"query-input":{"@type":"PropertyValueSpecification","valueRequired":true,"valueName":"search_term_string"}}],"inLanguage":"fr-FR"},{"@type":"Organization","@id":"https:\/\/villabosch-radolfzell.de\/fr\/#organization","name":"Villa Bosch","url":"https:\/\/villabosch-radolfzell.de\/fr\/","logo":{"@type":"ImageObject","inLanguage":"fr-FR","@id":"https:\/\/villabosch-radolfzell.de\/fr\/#\/schema\/logo\/image\/","url":"https:\/\/villabosch-radolfzell.de\/wp-content\/uploads\/sites\/5\/2019\/10\/KULTUR_RZ_Villa_Bosch_logo_quer_RGB.png","contentUrl":"https:\/\/villabosch-radolfzell.de\/wp-content\/uploads\/sites\/5\/2019\/10\/KULTUR_RZ_Villa_Bosch_logo_quer_RGB.png","width":4963,"height":3508,"caption":"Villa Bosch"},"image":{"@id":"https:\/\/villabosch-radolfzell.de\/fr\/#\/schema\/logo\/image\/"}}]}},"_links":{"self":[{"href":"https:\/\/villabosch-radolfzell.de\/fr\/wp-json\/wp\/v2\/pages\/5335","targetHints":{"allow":["GET"]}}],"collection":[{"href":"https:\/\/villabosch-radolfzell.de\/fr\/wp-json\/wp\/v2\/pages"}],"about":[{"href":"https:\/\/villabosch-radolfzell.de\/fr\/wp-json\/wp\/v2\/types\/page"}],"author":[{"embeddable":true,"href":"https:\/\/villabosch-radolfzell.de\/fr\/wp-json\/wp\/v2\/users\/1"}],"replies":[{"embeddable":true,"href":"https:\/\/villabosch-radolfzell.de\/fr\/wp-json\/wp\/v2\/comments?post=5335"}],"version-history":[{"count":11,"href":"https:\/\/villabosch-radolfzell.de\/fr\/wp-json\/wp\/v2\/pages\/5335\/revisions"}],"predecessor-version":[{"id":14675,"href":"https:\/\/villabosch-radolfzell.de\/fr\/wp-json\/wp\/v2\/pages\/5335\/revisions\/14675"}],"wp:attachment":[{"href":"https:\/\/villabosch-radolfzell.de\/fr\/wp-json\/wp\/v2\/media?parent=5335"}],"curies":[{"name":"wp","href":"https:\/\/api.w.org\/{rel}","templated":true}]}}