{"id":5348,"date":"2023-02-15T09:19:37","date_gmt":"2023-02-15T08:19:37","guid":{"rendered":"https:\/\/villabosch-radolfzell.de\/formulaire-de-candidature-en-ligne\/"},"modified":"2024-03-25T19:18:55","modified_gmt":"2024-03-25T18:18:55","slug":"formulaire-de-candidature-en-ligne","status":"publish","type":"page","link":"https:\/\/villabosch-radolfzell.de\/fr\/formulaire-de-candidature-en-ligne\/","title":{"rendered":"Formulaire de candidature en ligne"},"content":{"rendered":"<h2>Radolfzeller K\u00fcnstler*innen 2023 de la ville de Radolfzell am Bodensee<\/h2>\n<p>Nous nous r\u00e9jouissons de votre int\u00e9r\u00eat \u00e0 participer \u00e0 l&rsquo;exposition \u00ab\u00a0Radolfzeller K\u00fcnstler*innen 2023\u00a0\u00bb \u00e0 la Villa Bosch.<\/p>\n<p>Comme en 2019, les artistes qui ont leur centre de vie \u00e0 Radolfzell ou dans un quartier de la ville, qui y sont n\u00e9s ou qui ont d&rsquo;autres liens forts avec la ville de Radolfzell, peuvent poser leur candidature pour participer \u00e0 l&rsquo;exposition. Un jury d&rsquo;experts s\u00e9lectionnera les participants \u00e0 l&rsquo;exposition parmi toutes les candidatures en ligne.<\/p>\n<p>&nbsp;<\/p>\n","protected":false},"excerpt":{"rendered":"<p>Radolfzeller K\u00fcnstler*innen 2023 de la ville de Radolfzell am Bodensee Nous nous r\u00e9jouissons de votre int\u00e9r\u00eat \u00e0 participer \u00e0 l&rsquo;exposition [&hellip;]<\/p>\n","protected":false},"author":1,"featured_media":0,"parent":0,"menu_order":0,"comment_status":"closed","ping_status":"closed","template":"page-layout1.php","meta":{"_price":"","_stock":"","_tribe_ticket_header":"","_tribe_default_ticket_provider":"","_ticket_start_date":"","_ticket_end_date":"","_tribe_ticket_show_description":"","_tribe_ticket_show_not_going":false,"_tribe_ticket_use_global_stock":"","_tribe_ticket_global_stock_level":"","_global_stock_mode":"","_global_stock_cap":"","_tribe_rsvp_for_event":"","_tribe_ticket_going_count":"","_tribe_ticket_not_going_count":"","_tribe_tickets_list":"[]","_tribe_ticket_has_attendee_info_fields":false,"footnotes":""},"class_list":["post-5348","page","type-page","status-publish","hentry"],"yoast_head":"<!-- This site is optimized with the Yoast SEO plugin v26.7 - https:\/\/yoast.com\/wordpress\/plugins\/seo\/ -->\n<title>Formulaire de candidature en ligne | Villa Bosch Radolfzell<\/title>\n<meta name=\"robots\" content=\"index, follow, max-snippet:-1, max-image-preview:large, max-video-preview:-1\" \/>\n<link rel=\"canonical\" href=\"https:\/\/villabosch-radolfzell.de\/fr\/formulaire-de-candidature-en-ligne\/\" \/>\n<meta property=\"og:locale\" content=\"fr_FR\" \/>\n<meta property=\"og:type\" content=\"article\" \/>\n<meta property=\"og:title\" content=\"Formulaire de candidature en ligne | Villa Bosch Radolfzell\" \/>\n<meta property=\"og:description\" content=\"Radolfzeller K\u00fcnstler*innen 2023 de la ville de Radolfzell am Bodensee Nous nous r\u00e9jouissons de votre int\u00e9r\u00eat \u00e0 participer \u00e0 l&rsquo;exposition [&hellip;]\" \/>\n<meta property=\"og:url\" content=\"https:\/\/villabosch-radolfzell.de\/fr\/formulaire-de-candidature-en-ligne\/\" \/>\n<meta property=\"og:site_name\" content=\"Villa Bosch\" \/>\n<meta property=\"article:modified_time\" content=\"2024-03-25T18:18:55+00:00\" \/>\n<meta name=\"twitter:card\" content=\"summary_large_image\" \/>\n<script type=\"application\/ld+json\" class=\"yoast-schema-graph\">{\"@context\":\"https:\/\/schema.org\",\"@graph\":[{\"@type\":\"WebPage\",\"@id\":\"https:\/\/villabosch-radolfzell.de\/fr\/formulaire-de-candidature-en-ligne\/\",\"url\":\"https:\/\/villabosch-radolfzell.de\/fr\/formulaire-de-candidature-en-ligne\/\",\"name\":\"Formulaire de candidature en ligne | Villa Bosch Radolfzell\",\"isPartOf\":{\"@id\":\"https:\/\/villabosch-radolfzell.de\/fr\/#website\"},\"datePublished\":\"2023-02-15T08:19:37+00:00\",\"dateModified\":\"2024-03-25T18:18:55+00:00\",\"breadcrumb\":{\"@id\":\"https:\/\/villabosch-radolfzell.de\/fr\/formulaire-de-candidature-en-ligne\/#breadcrumb\"},\"inLanguage\":\"fr-FR\",\"potentialAction\":[{\"@type\":\"ReadAction\",\"target\":[\"https:\/\/villabosch-radolfzell.de\/fr\/formulaire-de-candidature-en-ligne\/\"]}]},{\"@type\":\"BreadcrumbList\",\"@id\":\"https:\/\/villabosch-radolfzell.de\/fr\/formulaire-de-candidature-en-ligne\/#breadcrumb\",\"itemListElement\":[{\"@type\":\"ListItem\",\"position\":1,\"name\":\"Startseite\",\"item\":\"https:\/\/villabosch-radolfzell.de\/fr\/page-daccueil\/\"},{\"@type\":\"ListItem\",\"position\":2,\"name\":\"Formulaire de candidature en ligne\"}]},{\"@type\":\"WebSite\",\"@id\":\"https:\/\/villabosch-radolfzell.de\/fr\/#website\",\"url\":\"https:\/\/villabosch-radolfzell.de\/fr\/\",\"name\":\"Villa Bosch\",\"description\":\"\",\"publisher\":{\"@id\":\"https:\/\/villabosch-radolfzell.de\/fr\/#organization\"},\"potentialAction\":[{\"@type\":\"SearchAction\",\"target\":{\"@type\":\"EntryPoint\",\"urlTemplate\":\"https:\/\/villabosch-radolfzell.de\/fr\/?s={search_term_string}\"},\"query-input\":{\"@type\":\"PropertyValueSpecification\",\"valueRequired\":true,\"valueName\":\"search_term_string\"}}],\"inLanguage\":\"fr-FR\"},{\"@type\":\"Organization\",\"@id\":\"https:\/\/villabosch-radolfzell.de\/fr\/#organization\",\"name\":\"Villa Bosch\",\"url\":\"https:\/\/villabosch-radolfzell.de\/fr\/\",\"logo\":{\"@type\":\"ImageObject\",\"inLanguage\":\"fr-FR\",\"@id\":\"https:\/\/villabosch-radolfzell.de\/fr\/#\/schema\/logo\/image\/\",\"url\":\"https:\/\/villabosch-radolfzell.de\/wp-content\/uploads\/sites\/5\/2019\/10\/KULTUR_RZ_Villa_Bosch_logo_quer_RGB.png\",\"contentUrl\":\"https:\/\/villabosch-radolfzell.de\/wp-content\/uploads\/sites\/5\/2019\/10\/KULTUR_RZ_Villa_Bosch_logo_quer_RGB.png\",\"width\":4963,\"height\":3508,\"caption\":\"Villa Bosch\"},\"image\":{\"@id\":\"https:\/\/villabosch-radolfzell.de\/fr\/#\/schema\/logo\/image\/\"}}]}<\/script>\n<!-- \/ Yoast SEO plugin. -->","yoast_head_json":{"title":"Formulaire de candidature en ligne | Villa Bosch Radolfzell","robots":{"index":"index","follow":"follow","max-snippet":"max-snippet:-1","max-image-preview":"max-image-preview:large","max-video-preview":"max-video-preview:-1"},"canonical":"https:\/\/villabosch-radolfzell.de\/fr\/formulaire-de-candidature-en-ligne\/","og_locale":"fr_FR","og_type":"article","og_title":"Formulaire de candidature en ligne | Villa Bosch Radolfzell","og_description":"Radolfzeller K\u00fcnstler*innen 2023 de la ville de Radolfzell am Bodensee Nous nous r\u00e9jouissons de votre int\u00e9r\u00eat \u00e0 participer \u00e0 l&rsquo;exposition [&hellip;]","og_url":"https:\/\/villabosch-radolfzell.de\/fr\/formulaire-de-candidature-en-ligne\/","og_site_name":"Villa Bosch","article_modified_time":"2024-03-25T18:18:55+00:00","twitter_card":"summary_large_image","schema":{"@context":"https:\/\/schema.org","@graph":[{"@type":"WebPage","@id":"https:\/\/villabosch-radolfzell.de\/fr\/formulaire-de-candidature-en-ligne\/","url":"https:\/\/villabosch-radolfzell.de\/fr\/formulaire-de-candidature-en-ligne\/","name":"Formulaire de candidature en ligne | Villa Bosch Radolfzell","isPartOf":{"@id":"https:\/\/villabosch-radolfzell.de\/fr\/#website"},"datePublished":"2023-02-15T08:19:37+00:00","dateModified":"2024-03-25T18:18:55+00:00","breadcrumb":{"@id":"https:\/\/villabosch-radolfzell.de\/fr\/formulaire-de-candidature-en-ligne\/#breadcrumb"},"inLanguage":"fr-FR","potentialAction":[{"@type":"ReadAction","target":["https:\/\/villabosch-radolfzell.de\/fr\/formulaire-de-candidature-en-ligne\/"]}]},{"@type":"BreadcrumbList","@id":"https:\/\/villabosch-radolfzell.de\/fr\/formulaire-de-candidature-en-ligne\/#breadcrumb","itemListElement":[{"@type":"ListItem","position":1,"name":"Startseite","item":"https:\/\/villabosch-radolfzell.de\/fr\/page-daccueil\/"},{"@type":"ListItem","position":2,"name":"Formulaire de candidature en ligne"}]},{"@type":"WebSite","@id":"https:\/\/villabosch-radolfzell.de\/fr\/#website","url":"https:\/\/villabosch-radolfzell.de\/fr\/","name":"Villa Bosch","description":"","publisher":{"@id":"https:\/\/villabosch-radolfzell.de\/fr\/#organization"},"potentialAction":[{"@type":"SearchAction","target":{"@type":"EntryPoint","urlTemplate":"https:\/\/villabosch-radolfzell.de\/fr\/?s={search_term_string}"},"query-input":{"@type":"PropertyValueSpecification","valueRequired":true,"valueName":"search_term_string"}}],"inLanguage":"fr-FR"},{"@type":"Organization","@id":"https:\/\/villabosch-radolfzell.de\/fr\/#organization","name":"Villa Bosch","url":"https:\/\/villabosch-radolfzell.de\/fr\/","logo":{"@type":"ImageObject","inLanguage":"fr-FR","@id":"https:\/\/villabosch-radolfzell.de\/fr\/#\/schema\/logo\/image\/","url":"https:\/\/villabosch-radolfzell.de\/wp-content\/uploads\/sites\/5\/2019\/10\/KULTUR_RZ_Villa_Bosch_logo_quer_RGB.png","contentUrl":"https:\/\/villabosch-radolfzell.de\/wp-content\/uploads\/sites\/5\/2019\/10\/KULTUR_RZ_Villa_Bosch_logo_quer_RGB.png","width":4963,"height":3508,"caption":"Villa Bosch"},"image":{"@id":"https:\/\/villabosch-radolfzell.de\/fr\/#\/schema\/logo\/image\/"}}]}},"_links":{"self":[{"href":"https:\/\/villabosch-radolfzell.de\/fr\/wp-json\/wp\/v2\/pages\/5348","targetHints":{"allow":["GET"]}}],"collection":[{"href":"https:\/\/villabosch-radolfzell.de\/fr\/wp-json\/wp\/v2\/pages"}],"about":[{"href":"https:\/\/villabosch-radolfzell.de\/fr\/wp-json\/wp\/v2\/types\/page"}],"author":[{"embeddable":true,"href":"https:\/\/villabosch-radolfzell.de\/fr\/wp-json\/wp\/v2\/users\/1"}],"replies":[{"embeddable":true,"href":"https:\/\/villabosch-radolfzell.de\/fr\/wp-json\/wp\/v2\/comments?post=5348"}],"version-history":[{"count":1,"href":"https:\/\/villabosch-radolfzell.de\/fr\/wp-json\/wp\/v2\/pages\/5348\/revisions"}],"predecessor-version":[{"id":5529,"href":"https:\/\/villabosch-radolfzell.de\/fr\/wp-json\/wp\/v2\/pages\/5348\/revisions\/5529"}],"wp:attachment":[{"href":"https:\/\/villabosch-radolfzell.de\/fr\/wp-json\/wp\/v2\/media?parent=5348"}],"curies":[{"name":"wp","href":"https:\/\/api.w.org\/{rel}","templated":true}]}}