{"id":5525,"date":"2018-11-27T23:33:17","date_gmt":"2018-11-27T22:33:17","guid":{"rendered":"https:\/\/villabosch-radolfzell.de\/expositions\/"},"modified":"2026-03-17T04:43:02","modified_gmt":"2026-03-17T03:43:02","slug":"expositions","status":"publish","type":"page","link":"https:\/\/villabosch-radolfzell.de\/fr\/expositions\/","title":{"rendered":"Expositions &amp; Ateliers"},"content":{"rendered":"<p><em>Actualit\u00e9s \/ Remarques :<br \/>\n<\/em>La Villa Bosch est \u00e9galement ouverte pendant les vacances de P\u00e2ques. Les visiteurs peuvent se rendre \u00e0 la Villa Bosch du mercredi au dimanche de 14h \u00e0 17h30.<br \/>\nLa Villa Bosch sera ferm\u00e9e le Vendredi saint et le Lundi de P\u00e2ques. Il en va de m\u00eame pour l&rsquo;artoth\u00e8que.  <\/p>\n<p>\u00c0 partir du 28 mars, la Villa Bosch accueille l&rsquo;exposition \u00ab\u00a0Raumgreifend\u00a0\u00bb.<br \/>\nDes \u0153uvres de Liesbeth Doornbosch et du duo d&rsquo;artistes Ariane Faller et Mateusz Budasz y sont pr\u00e9sent\u00e9es. L&rsquo;entr\u00e9e est gratuite. Pour plus d&rsquo;informations sur l&rsquo;exposition : <a href=\"http:\/\/www.kunstverein-radolfzell.de\">www.kunstverein-radolfzell.de.<\/a><br \/>\n&#8212;&#8212;&#8212;&#8212;&#8211;<\/p>\n<h2>Laboratoire d&rsquo;art \u00e0 la Villa Bosch<\/h2>\n<p>Exp\u00e9rimenter, dessiner et cr\u00e9er \u00e0 volont\u00e9 avec diff\u00e9rentes couleurs : Le vendredi 9 janvier 2026, le laboratoire d&rsquo;art de Mirjam Wingender \u00e0 la Villa Bosch lancera un cours cr\u00e9atif continu pour les enfants. Celui-ci a lieu en dehors des p\u00e9riodes de vacances tous les vendredis \u00e0 partir de 15h30 jusqu&rsquo;\u00e0 17h00 et s&rsquo;adresse aux jeunes talents qui souhaitent dessiner r\u00e9guli\u00e8rement ou exp\u00e9rimenter avec les couleurs. Dans l&rsquo;atelier ouvert de la Villa Bosch, ils peuvent donner libre cours \u00e0 leur cr\u00e9ativit\u00e9. Peu importe que les \u0153uvres soient figuratives ou abstraites et sans motif apparent. Tout ce qui est amusant est permis ! La participation pour une journ\u00e9e co\u00fbte 15,00 euros, une carte de dix co\u00fbte 140,00 euros. Les personnes qui souhaitent participer sont pri\u00e9es de s&rsquo;inscrire directement aupr\u00e8s de Mirjam Wingender : T\u00e9l\u00e9phone 0151 \/ 23 22 90 62, e-mail info@mirjamwingender.de.       Des informations sur les ateliers sont \u00e9galement disponibles sur le site https:\/\/mirjamwingender.de\/workshops.<\/p>\n<p>Les ateliers sont le fruit d&rsquo;une coop\u00e9ration entre la Villa Bosch et Mirjam Wingender. Dans ses cours, l&rsquo;artiste de Radolfzell montre certes diverses techniques de peinture et de dessin, mais elle souhaite avant tout inciter les participants \u00e0 \u00ab\u00a0d\u00e9couvrir et \u00e0 d\u00e9velopper leur propre cr\u00e9ativit\u00e9\u00a0\u00bb, comme elle le souligne. Il est particuli\u00e8rement important pour elle d&rsquo;enlever aux participants \u00ab\u00a0la peur de la feuille blanche\u00a0\u00bb. Les amateurs d&rsquo;art peuvent s&rsquo;inspirer des expositions actuelles dans le b\u00e2timent historique de la Scheffelstra\u00dfe 8.   <\/p>\n<p>Pour plus d&rsquo;informations, consultez le site web de Mirjam Wingender \u00e0 l&rsquo;adresse <a href=\"https:\/\/mirjamwingender.de\/\">https:\/\/mirjamwingender.de\/.<\/a><\/p>\n<p><img loading=\"lazy\" decoding=\"async\" class=\"alignnone size-medium wp-image-12778\" src=\"https:\/\/villabosch-radolfzell.de\/wp-content\/uploads\/sites\/5\/2025\/12\/komp_20190822_122514-300x225.jpg\" alt=\"Atelier de c\u00e9ramique : Pot de peinture et pinceaux sur table. Expositions &amp; Ateliers.\" width=\"300\" height=\"225\" srcset=\"https:\/\/villabosch-radolfzell.de\/wp-content\/uploads\/sites\/5\/2025\/12\/komp_20190822_122514-300x225.jpg 300w, https:\/\/villabosch-radolfzell.de\/wp-content\/uploads\/sites\/5\/2025\/12\/komp_20190822_122514-1024x767.jpg 1024w, https:\/\/villabosch-radolfzell.de\/wp-content\/uploads\/sites\/5\/2025\/12\/komp_20190822_122514-768x576.jpg 768w, https:\/\/villabosch-radolfzell.de\/wp-content\/uploads\/sites\/5\/2025\/12\/komp_20190822_122514-1536x1151.jpg 1536w, https:\/\/villabosch-radolfzell.de\/wp-content\/uploads\/sites\/5\/2025\/12\/komp_20190822_122514-400x300.jpg 400w, https:\/\/villabosch-radolfzell.de\/wp-content\/uploads\/sites\/5\/2025\/12\/komp_20190822_122514.jpg 2000w\" sizes=\"auto, (max-width: 300px) 100vw, 300px\" \/><\/p>\n<p>&nbsp;<\/p>\n<h2><strong>Programme compl\u00e9mentaire aux expositions\/ateliers<\/strong><\/h2>\n<h2>Le laboratoire d&rsquo;art de la Villa Bosch &#8211; Ateliers pour enfants, adolescents et adultes<\/h2>\n<p>L&rsquo;artiste et p\u00e9dagogue en art Mirjam Wingender propose des ateliers cr\u00e9atifs pour les enfants dans le cadre de l&rsquo;exposition. Avec elle, les enfants plongent ensemble dans le monde de l&rsquo;art et exp\u00e9rimentent des couleurs, des techniques et des id\u00e9es, entour\u00e9s par les expositions actuelles de la Villa Bosch. Que ce soit dans le cadre d&rsquo;offres familiales, de cours continus ou d&rsquo;ateliers cr\u00e9atifs : Les participants se laissent inspirer et cr\u00e9ent sans avoir peur de la feuille blanche. Des instructions professionnelles rencontrent une imagination sans limite &#8211; soyez de la partie !  <\/p>\n<h4>Inscription :<\/h4>\n<p>Directement aupr\u00e8s de l&rsquo;artiste Mirjam Wingender, t\u00e9l\u00e9phone 0151-23229062, e-mail info@mirjamwingender.de<\/p>\n<p><a href=\"http:\/\/Infos:%20https:\/\/mirjamwingender.de\">Infos : https:\/\/mirjamwingender.de<\/a><\/p>\n<h2><img loading=\"lazy\" decoding=\"async\" class=\"alignnone size-medium wp-image-6978\" style=\"font-size: 16px\" src=\"https:\/\/villabosch-radolfzell.de\/wp-content\/uploads\/sites\/5\/2025\/02\/DSC_2220-300x237.jpg\" alt=\"Sur l'image, on peut voir diff\u00e9rents pinceaux.  \" width=\"300\" height=\"237\" srcset=\"https:\/\/villabosch-radolfzell.de\/wp-content\/uploads\/sites\/5\/2025\/02\/DSC_2220-300x237.jpg 300w, https:\/\/villabosch-radolfzell.de\/wp-content\/uploads\/sites\/5\/2025\/02\/DSC_2220-1024x810.jpg 1024w, https:\/\/villabosch-radolfzell.de\/wp-content\/uploads\/sites\/5\/2025\/02\/DSC_2220-768x607.jpg 768w, https:\/\/villabosch-radolfzell.de\/wp-content\/uploads\/sites\/5\/2025\/02\/DSC_2220-1536x1214.jpg 1536w, https:\/\/villabosch-radolfzell.de\/wp-content\/uploads\/sites\/5\/2025\/02\/DSC_2220-2048x1619.jpg 2048w\" sizes=\"auto, (max-width: 300px) 100vw, 300px\" \/><\/h2>\n<p>&nbsp;<\/p>\n<h2>Cours pour enfants, adolescents et adultes<\/h2>\n<p>&nbsp;<\/p>\n<p><strong>Cours en continu : <\/strong><strong>Atelier ouvert &#8211; Cours de peinture et de dessin pour enfants<\/strong><\/p>\n<p>Vous avez envie de dessiner ou de peindre avec des couleurs ? Dans l&rsquo;atelier ouvert, vous avez la possibilit\u00e9 de laisser libre cours \u00e0 vos id\u00e9es, qu&rsquo;elles soient figuratives ou abstraites sans motif apparent ; tout ce qui est amusant est permis. <\/p>\n<p><strong>D\u00e9but du cours : <\/strong>vendredi 09 janvier 2026<strong><br \/>\nO\u00f9 :<\/strong> Villa Bosch, Scheffelstra\u00dfe 8, 78315 Radolfzell<br \/>\n<strong>Participants : <\/strong>Enfants<strong><br \/>\nQuand ? <\/strong>Tous les vendredis de 15h30 \u00e0 17h00 (en dehors des vacances).<strong><br \/>\n<\/strong><strong>Co\u00fbt : <\/strong>15,00 euros par personne, mat\u00e9riel inclus Carte de 10 entr\u00e9es : 140 euros, mat\u00e9riel inclus<\/p>\n<p>&nbsp;<\/p>\n<p><strong>Ateliers de laboratoire d&rsquo;art 2026 premier semestre 2026 :  <\/strong><\/p>\n<ul>\n<li style=\"list-style-type: none\">\n<ul>\n<li><strong>Cours continus<\/strong>: tous les vendredis sauf pendant les vacances, d\u00e9but le 9 janvier, toujours de 15h30 \u00e0 17h00, co\u00fbt : 15 euros par s\u00e9ance (90 minutes\/140 euros carte de 10 s\u00e9ances).<\/li>\n<li><strong>Peinture\/dessin\/collage :<\/strong> atelier pour les enfants \u00e0 partir de 6 ans, janvier 2026, de 14h30 \u00e0 17h00, co\u00fbt : 30 euros par personne, mat\u00e9riel inclus<\/li>\n<li><strong>Mini atelier de peinture,<\/strong> enfants de 4 \u00e0 7 ans, 24 janvier 2026, 14h30 \u00e0 16h00, co\u00fbt : 20 euros par personne, mat\u00e9riel inclus<\/li>\n<li><strong>Atelier ouvert,<\/strong> pour les enfants \u00e0 partir de 6 ans, 28 f\u00e9vrier 2026, co\u00fbt : 30 euros par personne, mat\u00e9riel inclus<\/li>\n<li><strong>Peinture et collage<\/strong>, atelier pour adultes, 14 mars 2026, 14h30 \u00e0 17h00 Co\u00fbt : 35 euros par personne, mat\u00e9riel inclus<\/li>\n<li><strong>Peinture et dessin<\/strong>, atelier pour les enfants \u00e0 partir de 6 ans, de 14h30 \u00e0 17h00 Co\u00fbt : 30 euros par personne, mat\u00e9riel inclus<\/li>\n<li><strong>Cours de peinture et de dessin : animaux et cr\u00e9atures mythiques<\/strong>, pour les enfants \u00e0 partir de 5 ans, 18 avril 2026 14h30 \u00e0 17h00, co\u00fbt : 30 euros par personne, mat\u00e9riel inclus<\/li>\n<li><strong>Dessin et peinture<\/strong>, atelier pour les enfants \u00e0 partir de 8 ans, 09 mai 2026, 14h30 \u00e0 17h00, co\u00fbt : 30 euros par personne, mat\u00e9riel inclus<\/li>\n<li><strong>Peinture et collage :<\/strong> formes et couleurs, atelier pour enfants \u00e0 partir de 6 ans, 02 mai 2026, 14h30 \u00e0 17h00, co\u00fbt : 30 euros par personne, mat\u00e9riel inclus<\/li>\n<li><strong>Portrait : peinture et dessin<\/strong>, atelier pour enfants \u00e0 partir de 6 ans, 13 juin 2025, 14h30 \u00e0 17h00, co\u00fbt : 30 euros par personne, mat\u00e9riel inclus<\/li>\n<li><strong>Atelier de peinture &#8211; petit format<\/strong>, atelier pour adultes, 27 juin 2025, 14h30 \u00e0 17h00, co\u00fbt : 35 euros par personne, mat\u00e9riel inclus<\/li>\n<li><strong>Apr\u00e8s-midi cr\u00e9atif pour les familles<\/strong>, familles, 11 juillet 2026, 14.30 &#8211; 17.00<\/li>\n<li><strong>Programme de vacances pendant les vacances d&rsquo;\u00e9t\u00e9<\/strong>: 10 et 11 septembre 2026, de 10h \u00e0 12h30, co\u00fbt : 30 euros 1 jour\/60 euros 2 jours par personne <\/li>\n<li><strong>Journ\u00e9e mondiale de l&rsquo;enfance : Peinture &#8211; Dessin &#8211; Collage<\/strong>, enfants \u00e0 partir de 5 ans, 19 septembre 2026, 14h30 &#8211; 17h00 Co\u00fbt : 30 euros par personne<\/li>\n<li><strong>Mondes picturaux abstraits, peinture-dessin-impression<\/strong>, pour adultes, 26 septembre 2026 14h30 &#8211; 17h00, co\u00fbt : 30 euros par personne<\/li>\n<li><strong>Sp\u00e9cial Halloween<\/strong>, enfants \u00e0 partir de 5 ans, 10 octobre 2026 14.30 &#8211; 17.00 Co\u00fbt : 30 euros par personne<\/li>\n<li><strong>Peinture-impression-dessin pour adultes<\/strong>, 07 novembre 2026, co\u00fbt : 35 euros par personne<\/li>\n<li><strong>Portrait : Dessin et gravure<\/strong>, enfants \u00e0 partir de 8 ans et adolescents, samedi 14 novembre 2026 14h30 &#8211; 17h00, co\u00fbt : 30 euros par personne<\/li>\n<li><strong>Apr\u00e8s-midi cr\u00e9atif en famille,<\/strong> pour les familles, 28 novembre 2026 14h30 &#8211; 17h00 Co\u00fbt : 25 euros par personne<\/li>\n<\/ul>\n<\/li>\n<\/ul>\n<p>Les personnes qui souhaitent se joindre \u00e0 nous sont pri\u00e9es de s&rsquo;inscrire directement aupr\u00e8s de Mirjam Wingender : T\u00e9l\u00e9phone 0151-23229062, e-mail <a href=\"mailto:info@mirjamwingender.de\">info@mirjamwingender.de<\/a><\/p>\n<p>Des informations sur les ateliers sont \u00e9galement disponibles sur le site <a href=\"https:\/\/mirjamwingender.de\/workshops\">https:\/\/mirjamwingender.de\/workshops.<\/a><\/p>\n","protected":false},"excerpt":{"rendered":"<p>Actualit\u00e9s \/ Remarques : La Villa Bosch est \u00e9galement ouverte pendant les vacances de P\u00e2ques. Les visiteurs peuvent se rendre [&hellip;]<\/p>\n","protected":false},"author":1,"featured_media":0,"parent":0,"menu_order":0,"comment_status":"closed","ping_status":"closed","template":"page-layout1.php","meta":{"_price":"","_stock":"","_tribe_ticket_header":"","_tribe_default_ticket_provider":"","_ticket_start_date":"","_ticket_end_date":"","_tribe_ticket_show_description":"","_tribe_ticket_show_not_going":false,"_tribe_ticket_use_global_stock":"","_tribe_ticket_global_stock_level":"","_global_stock_mode":"","_global_stock_cap":"","_tribe_rsvp_for_event":"","_tribe_ticket_going_count":"","_tribe_ticket_not_going_count":"","_tribe_tickets_list":"[]","_tribe_ticket_has_attendee_info_fields":false,"footnotes":""},"class_list":["post-5525","page","type-page","status-publish","hentry"],"yoast_head":"<!-- This site is optimized with the Yoast SEO plugin v26.7 - https:\/\/yoast.com\/wordpress\/plugins\/seo\/ -->\n<title>Expositions &amp; Ateliers | Villa Bosch Radolfzell<\/title>\n<meta name=\"description\" content=\"Le bureau culturel et l&#039;association artistique de Radolfzell e.V. organisent en alternance des expositions d&#039;art \u00e0 la Villa Bosch.\" \/>\n<meta name=\"robots\" content=\"index, follow, max-snippet:-1, max-image-preview:large, max-video-preview:-1\" \/>\n<link rel=\"canonical\" href=\"https:\/\/villabosch-radolfzell.de\/fr\/expositions\/\" \/>\n<meta property=\"og:locale\" content=\"fr_FR\" \/>\n<meta property=\"og:type\" content=\"article\" \/>\n<meta property=\"og:title\" content=\"Expositions &amp; Ateliers | Villa Bosch Radolfzell\" \/>\n<meta property=\"og:description\" content=\"Le bureau culturel et l&#039;association artistique de Radolfzell e.V. organisent en alternance des expositions d&#039;art \u00e0 la Villa Bosch.\" \/>\n<meta property=\"og:url\" content=\"https:\/\/villabosch-radolfzell.de\/fr\/expositions\/\" \/>\n<meta property=\"og:site_name\" content=\"Villa Bosch\" \/>\n<meta property=\"article:modified_time\" content=\"2026-03-17T03:43:02+00:00\" \/>\n<meta property=\"og:image\" content=\"https:\/\/villabosch-radolfzell.de\/wp-content\/uploads\/sites\/5\/2025\/12\/komp_20190822_122514.jpg\" \/>\n\t<meta property=\"og:image:width\" content=\"2000\" \/>\n\t<meta property=\"og:image:height\" content=\"1499\" \/>\n\t<meta property=\"og:image:type\" content=\"image\/jpeg\" \/>\n<meta name=\"twitter:card\" content=\"summary_large_image\" \/>\n<meta name=\"twitter:label1\" content=\"Dur\u00e9e de lecture estim\u00e9e\" \/>\n\t<meta name=\"twitter:data1\" content=\"5 minutes\" \/>\n<script type=\"application\/ld+json\" class=\"yoast-schema-graph\">{\"@context\":\"https:\/\/schema.org\",\"@graph\":[{\"@type\":\"WebPage\",\"@id\":\"https:\/\/villabosch-radolfzell.de\/fr\/expositions\/\",\"url\":\"https:\/\/villabosch-radolfzell.de\/fr\/expositions\/\",\"name\":\"Expositions &amp; Ateliers | Villa Bosch Radolfzell\",\"isPartOf\":{\"@id\":\"https:\/\/villabosch-radolfzell.de\/fr\/#website\"},\"primaryImageOfPage\":{\"@id\":\"https:\/\/villabosch-radolfzell.de\/fr\/expositions\/#primaryimage\"},\"image\":{\"@id\":\"https:\/\/villabosch-radolfzell.de\/fr\/expositions\/#primaryimage\"},\"thumbnailUrl\":\"https:\/\/villabosch-radolfzell.de\/wp-content\/uploads\/sites\/5\/2025\/12\/komp_20190822_122514-300x225.jpg\",\"datePublished\":\"2018-11-27T22:33:17+00:00\",\"dateModified\":\"2026-03-17T03:43:02+00:00\",\"description\":\"Le bureau culturel et l'association artistique de Radolfzell e.V. organisent en alternance des expositions d'art \u00e0 la Villa Bosch.\",\"breadcrumb\":{\"@id\":\"https:\/\/villabosch-radolfzell.de\/fr\/expositions\/#breadcrumb\"},\"inLanguage\":\"fr-FR\",\"potentialAction\":[{\"@type\":\"ReadAction\",\"target\":[\"https:\/\/villabosch-radolfzell.de\/fr\/expositions\/\"]}]},{\"@type\":\"ImageObject\",\"inLanguage\":\"fr-FR\",\"@id\":\"https:\/\/villabosch-radolfzell.de\/fr\/expositions\/#primaryimage\",\"url\":\"https:\/\/villabosch-radolfzell.de\/wp-content\/uploads\/sites\/5\/2025\/12\/komp_20190822_122514-300x225.jpg\",\"contentUrl\":\"https:\/\/villabosch-radolfzell.de\/wp-content\/uploads\/sites\/5\/2025\/12\/komp_20190822_122514-300x225.jpg\"},{\"@type\":\"BreadcrumbList\",\"@id\":\"https:\/\/villabosch-radolfzell.de\/fr\/expositions\/#breadcrumb\",\"itemListElement\":[{\"@type\":\"ListItem\",\"position\":1,\"name\":\"Startseite\",\"item\":\"https:\/\/villabosch-radolfzell.de\/fr\/page-daccueil\/\"},{\"@type\":\"ListItem\",\"position\":2,\"name\":\"Expositions &amp; Ateliers\"}]},{\"@type\":\"WebSite\",\"@id\":\"https:\/\/villabosch-radolfzell.de\/fr\/#website\",\"url\":\"https:\/\/villabosch-radolfzell.de\/fr\/\",\"name\":\"Villa Bosch\",\"description\":\"\",\"publisher\":{\"@id\":\"https:\/\/villabosch-radolfzell.de\/fr\/#organization\"},\"potentialAction\":[{\"@type\":\"SearchAction\",\"target\":{\"@type\":\"EntryPoint\",\"urlTemplate\":\"https:\/\/villabosch-radolfzell.de\/fr\/?s={search_term_string}\"},\"query-input\":{\"@type\":\"PropertyValueSpecification\",\"valueRequired\":true,\"valueName\":\"search_term_string\"}}],\"inLanguage\":\"fr-FR\"},{\"@type\":\"Organization\",\"@id\":\"https:\/\/villabosch-radolfzell.de\/fr\/#organization\",\"name\":\"Villa Bosch\",\"url\":\"https:\/\/villabosch-radolfzell.de\/fr\/\",\"logo\":{\"@type\":\"ImageObject\",\"inLanguage\":\"fr-FR\",\"@id\":\"https:\/\/villabosch-radolfzell.de\/fr\/#\/schema\/logo\/image\/\",\"url\":\"https:\/\/villabosch-radolfzell.de\/wp-content\/uploads\/sites\/5\/2019\/10\/KULTUR_RZ_Villa_Bosch_logo_quer_RGB.png\",\"contentUrl\":\"https:\/\/villabosch-radolfzell.de\/wp-content\/uploads\/sites\/5\/2019\/10\/KULTUR_RZ_Villa_Bosch_logo_quer_RGB.png\",\"width\":4963,\"height\":3508,\"caption\":\"Villa Bosch\"},\"image\":{\"@id\":\"https:\/\/villabosch-radolfzell.de\/fr\/#\/schema\/logo\/image\/\"}}]}<\/script>\n<!-- \/ Yoast SEO plugin. -->","yoast_head_json":{"title":"Expositions &amp; Ateliers | Villa Bosch Radolfzell","description":"Le bureau culturel et l'association artistique de Radolfzell e.V. organisent en alternance des expositions d'art \u00e0 la Villa Bosch.","robots":{"index":"index","follow":"follow","max-snippet":"max-snippet:-1","max-image-preview":"max-image-preview:large","max-video-preview":"max-video-preview:-1"},"canonical":"https:\/\/villabosch-radolfzell.de\/fr\/expositions\/","og_locale":"fr_FR","og_type":"article","og_title":"Expositions &amp; Ateliers | Villa Bosch Radolfzell","og_description":"Le bureau culturel et l'association artistique de Radolfzell e.V. organisent en alternance des expositions d'art \u00e0 la Villa Bosch.","og_url":"https:\/\/villabosch-radolfzell.de\/fr\/expositions\/","og_site_name":"Villa Bosch","article_modified_time":"2026-03-17T03:43:02+00:00","og_image":[{"width":2000,"height":1499,"url":"https:\/\/villabosch-radolfzell.de\/wp-content\/uploads\/sites\/5\/2025\/12\/komp_20190822_122514.jpg","type":"image\/jpeg"}],"twitter_card":"summary_large_image","twitter_misc":{"Dur\u00e9e de lecture estim\u00e9e":"5 minutes"},"schema":{"@context":"https:\/\/schema.org","@graph":[{"@type":"WebPage","@id":"https:\/\/villabosch-radolfzell.de\/fr\/expositions\/","url":"https:\/\/villabosch-radolfzell.de\/fr\/expositions\/","name":"Expositions &amp; Ateliers | Villa Bosch Radolfzell","isPartOf":{"@id":"https:\/\/villabosch-radolfzell.de\/fr\/#website"},"primaryImageOfPage":{"@id":"https:\/\/villabosch-radolfzell.de\/fr\/expositions\/#primaryimage"},"image":{"@id":"https:\/\/villabosch-radolfzell.de\/fr\/expositions\/#primaryimage"},"thumbnailUrl":"https:\/\/villabosch-radolfzell.de\/wp-content\/uploads\/sites\/5\/2025\/12\/komp_20190822_122514-300x225.jpg","datePublished":"2018-11-27T22:33:17+00:00","dateModified":"2026-03-17T03:43:02+00:00","description":"Le bureau culturel et l'association artistique de Radolfzell e.V. organisent en alternance des expositions d'art \u00e0 la Villa Bosch.","breadcrumb":{"@id":"https:\/\/villabosch-radolfzell.de\/fr\/expositions\/#breadcrumb"},"inLanguage":"fr-FR","potentialAction":[{"@type":"ReadAction","target":["https:\/\/villabosch-radolfzell.de\/fr\/expositions\/"]}]},{"@type":"ImageObject","inLanguage":"fr-FR","@id":"https:\/\/villabosch-radolfzell.de\/fr\/expositions\/#primaryimage","url":"https:\/\/villabosch-radolfzell.de\/wp-content\/uploads\/sites\/5\/2025\/12\/komp_20190822_122514-300x225.jpg","contentUrl":"https:\/\/villabosch-radolfzell.de\/wp-content\/uploads\/sites\/5\/2025\/12\/komp_20190822_122514-300x225.jpg"},{"@type":"BreadcrumbList","@id":"https:\/\/villabosch-radolfzell.de\/fr\/expositions\/#breadcrumb","itemListElement":[{"@type":"ListItem","position":1,"name":"Startseite","item":"https:\/\/villabosch-radolfzell.de\/fr\/page-daccueil\/"},{"@type":"ListItem","position":2,"name":"Expositions &amp; Ateliers"}]},{"@type":"WebSite","@id":"https:\/\/villabosch-radolfzell.de\/fr\/#website","url":"https:\/\/villabosch-radolfzell.de\/fr\/","name":"Villa Bosch","description":"","publisher":{"@id":"https:\/\/villabosch-radolfzell.de\/fr\/#organization"},"potentialAction":[{"@type":"SearchAction","target":{"@type":"EntryPoint","urlTemplate":"https:\/\/villabosch-radolfzell.de\/fr\/?s={search_term_string}"},"query-input":{"@type":"PropertyValueSpecification","valueRequired":true,"valueName":"search_term_string"}}],"inLanguage":"fr-FR"},{"@type":"Organization","@id":"https:\/\/villabosch-radolfzell.de\/fr\/#organization","name":"Villa Bosch","url":"https:\/\/villabosch-radolfzell.de\/fr\/","logo":{"@type":"ImageObject","inLanguage":"fr-FR","@id":"https:\/\/villabosch-radolfzell.de\/fr\/#\/schema\/logo\/image\/","url":"https:\/\/villabosch-radolfzell.de\/wp-content\/uploads\/sites\/5\/2019\/10\/KULTUR_RZ_Villa_Bosch_logo_quer_RGB.png","contentUrl":"https:\/\/villabosch-radolfzell.de\/wp-content\/uploads\/sites\/5\/2019\/10\/KULTUR_RZ_Villa_Bosch_logo_quer_RGB.png","width":4963,"height":3508,"caption":"Villa Bosch"},"image":{"@id":"https:\/\/villabosch-radolfzell.de\/fr\/#\/schema\/logo\/image\/"}}]}},"_links":{"self":[{"href":"https:\/\/villabosch-radolfzell.de\/fr\/wp-json\/wp\/v2\/pages\/5525","targetHints":{"allow":["GET"]}}],"collection":[{"href":"https:\/\/villabosch-radolfzell.de\/fr\/wp-json\/wp\/v2\/pages"}],"about":[{"href":"https:\/\/villabosch-radolfzell.de\/fr\/wp-json\/wp\/v2\/types\/page"}],"author":[{"embeddable":true,"href":"https:\/\/villabosch-radolfzell.de\/fr\/wp-json\/wp\/v2\/users\/1"}],"replies":[{"embeddable":true,"href":"https:\/\/villabosch-radolfzell.de\/fr\/wp-json\/wp\/v2\/comments?post=5525"}],"version-history":[{"count":47,"href":"https:\/\/villabosch-radolfzell.de\/fr\/wp-json\/wp\/v2\/pages\/5525\/revisions"}],"predecessor-version":[{"id":14582,"href":"https:\/\/villabosch-radolfzell.de\/fr\/wp-json\/wp\/v2\/pages\/5525\/revisions\/14582"}],"wp:attachment":[{"href":"https:\/\/villabosch-radolfzell.de\/fr\/wp-json\/wp\/v2\/media?parent=5525"}],"curies":[{"name":"wp","href":"https:\/\/api.w.org\/{rel}","templated":true}]}}