{"id":5533,"date":"2018-12-10T22:11:50","date_gmt":"2018-12-10T21:11:50","guid":{"rendered":"https:\/\/villabosch-radolfzell.de\/page-daccueil\/"},"modified":"2026-03-13T13:15:44","modified_gmt":"2026-03-13T12:15:44","slug":"page-daccueil","status":"publish","type":"page","link":"https:\/\/villabosch-radolfzell.de\/fr\/","title":{"rendered":"Page d&rsquo;accueil"},"content":{"rendered":"<p>Des pi\u00e8ces lumineuses et conviviales, une situation exceptionnelle \u00e0 proximit\u00e9 de la gare avec une vue d\u00e9gag\u00e9e sur le lac et un beau jardin font de la villa un lieu unique pour des expositions d&rsquo;art et des petits concerts. L&rsquo;<a href=\"http:\/\/www.kunstverein-radolfzell.de\">association artistique Radolfzell e.<\/a> V. et <a href=\"https:\/\/kulturbuero-radolfzell.de\">le bureau culturel<\/a> y organisent \u00e0 tour de r\u00f4le des expositions int\u00e9ressantes. L&rsquo;accent est mis sur la diversit\u00e9 de l&rsquo;art contemporain, avec jusqu&rsquo;\u00e0 six expositions par an.<\/p>\n<p>La Villa Bosch abrite \u00e9galement l&rsquo;Artoth\u00e8que de Radolfzell, qui permet d&#8217;emprunter une s\u00e9lection d&rsquo;\u0153uvres d&rsquo;art d&rsquo;artistes r\u00e9gionaux.<\/p>\n<p>Pour en savoir plus sur l&rsquo;exposition actuelle, rendez-vous sur <a href=\"http:\/\/www.villabosch-radolfzell.de\/ausstellungen\">http:\/\/www.villabosch-radolfzell.de\/ausstellungen<\/a><\/p>\n<h2>Histoire de la Villa Bosch<\/h2>\n<p>La Villa Bosch provient de l&rsquo;h\u00e9ritage de Marie Theresia Bosch, qui a l\u00e9gu\u00e9 le b\u00e2timent de style classique \u00e0 la ville de Radolfzell dans son testament de 1881. Pendant un certain temps, la propri\u00e9t\u00e9 est devenue la propri\u00e9t\u00e9 de la Deutsche Reichsbahn. En 1987, la ville de Radolfzell a rachet\u00e9 la maison. Depuis le 19 d\u00e9cembre 1988, apr\u00e8s d&rsquo;importantes r\u00e9novations, la Villa Bosch est utilis\u00e9e entre autres comme galerie municipale.<\/p>\n","protected":false},"excerpt":{"rendered":"<p>Des pi\u00e8ces lumineuses et conviviales, une situation exceptionnelle \u00e0 proximit\u00e9 de la gare avec une vue d\u00e9gag\u00e9e sur le lac [&hellip;]<\/p>\n","protected":false},"author":1,"featured_media":0,"parent":0,"menu_order":0,"comment_status":"closed","ping_status":"closed","template":"start-page.php","meta":{"_price":"","_stock":"","_tribe_ticket_header":"","_tribe_default_ticket_provider":"","_ticket_start_date":"","_ticket_end_date":"","_tribe_ticket_show_description":"","_tribe_ticket_show_not_going":false,"_tribe_ticket_use_global_stock":"","_tribe_ticket_global_stock_level":"","_global_stock_mode":"","_global_stock_cap":"","_tribe_rsvp_for_event":"","_tribe_ticket_going_count":"","_tribe_ticket_not_going_count":"","_tribe_tickets_list":"[]","_tribe_ticket_has_attendee_info_fields":false,"footnotes":""},"class_list":["post-5533","page","type-page","status-publish","hentry"],"yoast_head":"<!-- This site is optimized with the Yoast SEO plugin v26.7 - https:\/\/yoast.com\/wordpress\/plugins\/seo\/ -->\n<title>Villa Bosch Radolfzell - Galerie d&#039;art municipale et lieu de manifestation<\/title>\n<meta name=\"description\" content=\"Lieu de culture et de manifestation \u00e0 Radolfzell utilis\u00e9 principalement pour les expositions du Kunstverein Radolfzell e.V. et le bureau culturel.\" \/>\n<meta name=\"robots\" content=\"index, follow, max-snippet:-1, max-image-preview:large, max-video-preview:-1\" \/>\n<link rel=\"canonical\" href=\"https:\/\/villabosch-radolfzell.de\/fr\/\" \/>\n<meta property=\"og:locale\" content=\"fr_FR\" \/>\n<meta property=\"og:type\" content=\"article\" \/>\n<meta property=\"og:title\" content=\"Villa Bosch Radolfzell - Galerie d&#039;art municipale et lieu de manifestation\" \/>\n<meta property=\"og:description\" content=\"Lieu de culture et de manifestation \u00e0 Radolfzell utilis\u00e9 principalement pour les expositions du Kunstverein Radolfzell e.V. et le bureau culturel.\" \/>\n<meta property=\"og:url\" content=\"https:\/\/villabosch-radolfzell.de\/fr\/\" \/>\n<meta property=\"og:site_name\" content=\"Villa Bosch\" \/>\n<meta property=\"article:modified_time\" content=\"2026-03-13T12:15:44+00:00\" \/>\n<meta name=\"twitter:card\" content=\"summary_large_image\" \/>\n<meta name=\"twitter:label1\" content=\"Dur\u00e9e de lecture estim\u00e9e\" \/>\n\t<meta name=\"twitter:data1\" content=\"1 minute\" \/>\n<script type=\"application\/ld+json\" class=\"yoast-schema-graph\">{\"@context\":\"https:\/\/schema.org\",\"@graph\":[{\"@type\":\"WebPage\",\"@id\":\"https:\/\/villabosch-radolfzell.de\/fr\/\",\"url\":\"https:\/\/villabosch-radolfzell.de\/fr\/\",\"name\":\"Villa Bosch Radolfzell - Galerie d'art municipale et lieu de manifestation\",\"isPartOf\":{\"@id\":\"https:\/\/villabosch-radolfzell.de\/fr\/#website\"},\"datePublished\":\"2018-12-10T21:11:50+00:00\",\"dateModified\":\"2026-03-13T12:15:44+00:00\",\"description\":\"Lieu de culture et de manifestation \u00e0 Radolfzell utilis\u00e9 principalement pour les expositions du Kunstverein Radolfzell e.V. et le bureau culturel.\",\"breadcrumb\":{\"@id\":\"https:\/\/villabosch-radolfzell.de\/fr\/#breadcrumb\"},\"inLanguage\":\"fr-FR\",\"potentialAction\":[{\"@type\":\"ReadAction\",\"target\":[\"https:\/\/villabosch-radolfzell.de\/fr\/\"]}]},{\"@type\":\"BreadcrumbList\",\"@id\":\"https:\/\/villabosch-radolfzell.de\/fr\/#breadcrumb\",\"itemListElement\":[{\"@type\":\"ListItem\",\"position\":1,\"name\":\"Startseite\",\"item\":\"https:\/\/villabosch-radolfzell.de\/fr\/page-daccueil\/\"},{\"@type\":\"ListItem\",\"position\":2,\"name\":\"Page d&rsquo;accueil\"}]},{\"@type\":\"WebSite\",\"@id\":\"https:\/\/villabosch-radolfzell.de\/fr\/#website\",\"url\":\"https:\/\/villabosch-radolfzell.de\/fr\/\",\"name\":\"Villa Bosch\",\"description\":\"\",\"publisher\":{\"@id\":\"https:\/\/villabosch-radolfzell.de\/fr\/#organization\"},\"potentialAction\":[{\"@type\":\"SearchAction\",\"target\":{\"@type\":\"EntryPoint\",\"urlTemplate\":\"https:\/\/villabosch-radolfzell.de\/fr\/?s={search_term_string}\"},\"query-input\":{\"@type\":\"PropertyValueSpecification\",\"valueRequired\":true,\"valueName\":\"search_term_string\"}}],\"inLanguage\":\"fr-FR\"},{\"@type\":\"Organization\",\"@id\":\"https:\/\/villabosch-radolfzell.de\/fr\/#organization\",\"name\":\"Villa Bosch\",\"url\":\"https:\/\/villabosch-radolfzell.de\/fr\/\",\"logo\":{\"@type\":\"ImageObject\",\"inLanguage\":\"fr-FR\",\"@id\":\"https:\/\/villabosch-radolfzell.de\/fr\/#\/schema\/logo\/image\/\",\"url\":\"https:\/\/villabosch-radolfzell.de\/wp-content\/uploads\/sites\/5\/2019\/10\/KULTUR_RZ_Villa_Bosch_logo_quer_RGB.png\",\"contentUrl\":\"https:\/\/villabosch-radolfzell.de\/wp-content\/uploads\/sites\/5\/2019\/10\/KULTUR_RZ_Villa_Bosch_logo_quer_RGB.png\",\"width\":4963,\"height\":3508,\"caption\":\"Villa Bosch\"},\"image\":{\"@id\":\"https:\/\/villabosch-radolfzell.de\/fr\/#\/schema\/logo\/image\/\"}}]}<\/script>\n<!-- \/ Yoast SEO plugin. -->","yoast_head_json":{"title":"Villa Bosch Radolfzell - Galerie d'art municipale et lieu de manifestation","description":"Lieu de culture et de manifestation \u00e0 Radolfzell utilis\u00e9 principalement pour les expositions du Kunstverein Radolfzell e.V. et le bureau culturel.","robots":{"index":"index","follow":"follow","max-snippet":"max-snippet:-1","max-image-preview":"max-image-preview:large","max-video-preview":"max-video-preview:-1"},"canonical":"https:\/\/villabosch-radolfzell.de\/fr\/","og_locale":"fr_FR","og_type":"article","og_title":"Villa Bosch Radolfzell - Galerie d'art municipale et lieu de manifestation","og_description":"Lieu de culture et de manifestation \u00e0 Radolfzell utilis\u00e9 principalement pour les expositions du Kunstverein Radolfzell e.V. et le bureau culturel.","og_url":"https:\/\/villabosch-radolfzell.de\/fr\/","og_site_name":"Villa Bosch","article_modified_time":"2026-03-13T12:15:44+00:00","twitter_card":"summary_large_image","twitter_misc":{"Dur\u00e9e de lecture estim\u00e9e":"1 minute"},"schema":{"@context":"https:\/\/schema.org","@graph":[{"@type":"WebPage","@id":"https:\/\/villabosch-radolfzell.de\/fr\/","url":"https:\/\/villabosch-radolfzell.de\/fr\/","name":"Villa Bosch Radolfzell - Galerie d'art municipale et lieu de manifestation","isPartOf":{"@id":"https:\/\/villabosch-radolfzell.de\/fr\/#website"},"datePublished":"2018-12-10T21:11:50+00:00","dateModified":"2026-03-13T12:15:44+00:00","description":"Lieu de culture et de manifestation \u00e0 Radolfzell utilis\u00e9 principalement pour les expositions du Kunstverein Radolfzell e.V. et le bureau culturel.","breadcrumb":{"@id":"https:\/\/villabosch-radolfzell.de\/fr\/#breadcrumb"},"inLanguage":"fr-FR","potentialAction":[{"@type":"ReadAction","target":["https:\/\/villabosch-radolfzell.de\/fr\/"]}]},{"@type":"BreadcrumbList","@id":"https:\/\/villabosch-radolfzell.de\/fr\/#breadcrumb","itemListElement":[{"@type":"ListItem","position":1,"name":"Startseite","item":"https:\/\/villabosch-radolfzell.de\/fr\/page-daccueil\/"},{"@type":"ListItem","position":2,"name":"Page d&rsquo;accueil"}]},{"@type":"WebSite","@id":"https:\/\/villabosch-radolfzell.de\/fr\/#website","url":"https:\/\/villabosch-radolfzell.de\/fr\/","name":"Villa Bosch","description":"","publisher":{"@id":"https:\/\/villabosch-radolfzell.de\/fr\/#organization"},"potentialAction":[{"@type":"SearchAction","target":{"@type":"EntryPoint","urlTemplate":"https:\/\/villabosch-radolfzell.de\/fr\/?s={search_term_string}"},"query-input":{"@type":"PropertyValueSpecification","valueRequired":true,"valueName":"search_term_string"}}],"inLanguage":"fr-FR"},{"@type":"Organization","@id":"https:\/\/villabosch-radolfzell.de\/fr\/#organization","name":"Villa Bosch","url":"https:\/\/villabosch-radolfzell.de\/fr\/","logo":{"@type":"ImageObject","inLanguage":"fr-FR","@id":"https:\/\/villabosch-radolfzell.de\/fr\/#\/schema\/logo\/image\/","url":"https:\/\/villabosch-radolfzell.de\/wp-content\/uploads\/sites\/5\/2019\/10\/KULTUR_RZ_Villa_Bosch_logo_quer_RGB.png","contentUrl":"https:\/\/villabosch-radolfzell.de\/wp-content\/uploads\/sites\/5\/2019\/10\/KULTUR_RZ_Villa_Bosch_logo_quer_RGB.png","width":4963,"height":3508,"caption":"Villa Bosch"},"image":{"@id":"https:\/\/villabosch-radolfzell.de\/fr\/#\/schema\/logo\/image\/"}}]}},"_links":{"self":[{"href":"https:\/\/villabosch-radolfzell.de\/fr\/wp-json\/wp\/v2\/pages\/5533","targetHints":{"allow":["GET"]}}],"collection":[{"href":"https:\/\/villabosch-radolfzell.de\/fr\/wp-json\/wp\/v2\/pages"}],"about":[{"href":"https:\/\/villabosch-radolfzell.de\/fr\/wp-json\/wp\/v2\/types\/page"}],"author":[{"embeddable":true,"href":"https:\/\/villabosch-radolfzell.de\/fr\/wp-json\/wp\/v2\/users\/1"}],"replies":[{"embeddable":true,"href":"https:\/\/villabosch-radolfzell.de\/fr\/wp-json\/wp\/v2\/comments?post=5533"}],"version-history":[{"count":1,"href":"https:\/\/villabosch-radolfzell.de\/fr\/wp-json\/wp\/v2\/pages\/5533\/revisions"}],"predecessor-version":[{"id":5651,"href":"https:\/\/villabosch-radolfzell.de\/fr\/wp-json\/wp\/v2\/pages\/5533\/revisions\/5651"}],"wp:attachment":[{"href":"https:\/\/villabosch-radolfzell.de\/fr\/wp-json\/wp\/v2\/media?parent=5533"}],"curies":[{"name":"wp","href":"https:\/\/api.w.org\/{rel}","templated":true}]}}